{"id":3520,"date":"2025-11-27T09:50:08","date_gmt":"2025-11-27T08:50:08","guid":{"rendered":"https:\/\/labatie.fr\/?page_id=3520"},"modified":"2026-02-18T09:41:00","modified_gmt":"2026-02-18T08:41:00","slug":"nos-appartements","status":"publish","type":"page","link":"https:\/\/labatie.fr\/en\/nos-appartements\/","title":{"rendered":"Our Apartments"},"content":{"rendered":"<div class=\"wp-block-uagb-container uagb-block-ae0bc409 alignfull uagb-is-root-container\"><div class=\"uagb-container-inner-blocks-wrap\">\n<div class=\"wp-block-uagb-advanced-heading uagb-block-8a1eebc0\"><h1 class=\"uagb-heading-text\">Our Apartments<\/h1><\/div>\n<\/div><\/div>\n\n\n\n<div style=\"height:20px\" aria-hidden=\"true\" class=\"wp-block-spacer\"><\/div>\n\n\n\n<p><\/p>\n\n\n\n<h2 class=\"wp-block-heading has-text-align-center\" style=\"font-size:25px\">Our Apartments: La Loge vs La Tour<\/h2>\n\n\n\n<h2 class=\"wp-block-heading has-text-align-center\" style=\"margin-top:-20px;margin-bottom:-20px;font-size:25px\">Which accommodation should you choose for your stay in Vienne?<\/h2>\n\n\n\n<div class=\"wp-block-group is-layout-constrained wp-block-group-is-layout-constrained\">\n<p class=\"translation-block\"><strong>This comparison guide<\/strong> opens the doors to two exceptional <strong>apartments<\/strong> in <strong>Vienne<\/strong>, each designed to offer a unique experience. Whether you are looking for the discreet luxury of a penthouse with a panoramic terrace or the intimacy of an unusual duplex carved into the rock, this page offers you the decisive comparison to find the place that perfectly meets your expectations.<\/p>\n<\/div>\n\n\n\n<h3 class=\"wp-block-heading has-text-align-center\">Comparison of Features and Access<\/h3>\n\n\n\n<div class=\"wp-block-group is-layout-constrained wp-block-group-is-layout-constrained\">\n<figure class=\"wp-block-table\"><table class=\"has-fixed-layout\"><thead><tr><th>Features<\/th><th>La Loge (Penthouse)<\/th><th>La Tour (Atypical Duplex)<\/th><\/tr><\/thead><tbody><tr><td><strong>Surface area<\/strong><\/td><td>60 m\u00b2 (under the roof structure)<\/td><td>40 m\u00b2 (on 2 levels)<\/td><\/tr><tr><td><strong>Maximum Capacity<\/strong><\/td><td>3 people (Queen-size bed + sofa bed)<\/td><td>2 People (Queen-size bed)<\/td><\/tr><tr><td><strong>Accessibility<\/strong><\/td><td>On the ground floor (a few steps to climb from the car park)<\/td><td class=\"translation-block\">Duplex <strong>Caution: Narrow spiral staircase<\/strong> (Unusual)<\/td><\/tr><tr><td><strong>Insulation<\/strong><\/td><td>Enhanced acoustics<\/td><td>Enhanced acoustics<\/td><\/tr><tr><td><strong>Air conditioning<\/strong><\/td><td>Yes<\/td><td>Yes<\/td><\/tr><tr><td><strong>Private Parking<\/strong><\/td><td>Yes<\/td><td>Yes<\/td><\/tr><tr><td class=\"translation-block\"><strong>Jacuzzi \u2013 Spa<\/strong> (from april 2026)<\/td><td>Yes<\/td><td>Yes<\/td><\/tr><\/tbody><\/table><\/figure>\n\n\n\n<figure class=\"wp-block-gallery has-nested-images columns-default is-cropped wp-block-gallery-1 is-layout-flex wp-block-gallery-is-layout-flex\">\n<figure class=\"wp-block-image size-large\"><img loading=\"lazy\" decoding=\"async\" width=\"1024\" height=\"1024\" data-id=\"2897\" src=\"https:\/\/labatie.fr\/wp-content\/uploads\/2025\/02\/20230308_161905-01_resultat-1-1024x1024.webp\" alt=\"Gros plan sur les appliques de la Tour, meubl\u00e9 de tourisme \u00e0 La B\u00e2tie, location \u00e0 Vienne.\" class=\"wp-image-2897\" srcset=\"https:\/\/labatie.fr\/wp-content\/uploads\/2025\/02\/20230308_161905-01_resultat-1-1024x1024.webp 1024w, https:\/\/labatie.fr\/wp-content\/uploads\/2025\/02\/20230308_161905-01_resultat-1-300x300.webp 300w, https:\/\/labatie.fr\/wp-content\/uploads\/2025\/02\/20230308_161905-01_resultat-1-150x150.webp 150w, https:\/\/labatie.fr\/wp-content\/uploads\/2025\/02\/20230308_161905-01_resultat-1-768x768.webp 768w, https:\/\/labatie.fr\/wp-content\/uploads\/2025\/02\/20230308_161905-01_resultat-1.webp 1080w\" sizes=\"auto, (max-width: 1024px) 100vw, 1024px\" \/><\/figure>\n\n\n\n<figure class=\"wp-block-image size-large\"><img loading=\"lazy\" decoding=\"async\" width=\"680\" height=\"1024\" data-id=\"2877\" src=\"https:\/\/labatie.fr\/wp-content\/uploads\/2025\/02\/DSCF3711_resultat-680x1024.webp\" alt=\"gros plan sur la table du salon de la Loge, La B\u00e2tie, Vienne Is\u00e8re 38, meubl\u00e9s de tourisme, location touristique.\" class=\"wp-image-2877\" srcset=\"https:\/\/labatie.fr\/wp-content\/uploads\/2025\/02\/DSCF3711_resultat-680x1024.webp 680w, https:\/\/labatie.fr\/wp-content\/uploads\/2025\/02\/DSCF3711_resultat-199x300.webp 199w, https:\/\/labatie.fr\/wp-content\/uploads\/2025\/02\/DSCF3711_resultat-768x1156.webp 768w, https:\/\/labatie.fr\/wp-content\/uploads\/2025\/02\/DSCF3711_resultat-1020x1536.webp 1020w, https:\/\/labatie.fr\/wp-content\/uploads\/2025\/02\/DSCF3711_resultat.webp 1080w\" sizes=\"auto, (max-width: 680px) 100vw, 680px\" \/><\/figure>\n<\/figure>\n<\/div>\n\n\n\n<h3 class=\"wp-block-heading has-text-align-center\">Unique Atmosphere and Services<\/h3>\n\n\n\n<div class=\"wp-block-group is-layout-constrained wp-block-group-is-layout-constrained\">\n<figure class=\"wp-block-table\"><table class=\"has-fixed-layout\"><thead><tr><th>Atmosphere<\/th><th>La Loge (Penthouse Rooftop)<\/th><th>La Tour (Atypical Duplex)<\/th><\/tr><\/thead><tbody><tr><td><strong>The outside areas<\/strong><\/td><td><strong>30 m\u00b2 private terrace<\/strong> and balcony<\/td><td class=\"translation-block\"><strong>30 m\u00b2 private terrace<strong><\/td><\/tr><tr><td><strong>Design<\/strong><\/td><td>Exposed beams (19th century) and XXL shower<\/td><td>Original terracotta tiles, antique stone, shower carved into the rock<\/td><\/tr><tr><td><strong>Connectivity<\/strong><\/td><td>TV, Netflix, Sound system<\/td><td class=\"translation-block\">Sound system, <strong>NO television<\/strong> (for complete tranquillity)<\/td><\/tr><tr><td><strong>Ideal for<\/strong><\/td><td>Romantic getaways \/ Long stays \/ Demanding business trips<\/td><td>Charming stops \/ Lovers of historical sites<\/td><\/tr><\/tbody><\/table><\/figure>\n<\/div>\n\n\n\n<div class=\"wp-block-columns is-not-stacked-on-mobile is-layout-flex wp-container-core-columns-is-layout-4be010b1 wp-block-columns-is-layout-flex\" style=\"margin-top:-20px;margin-bottom:-20px\">\n<div class=\"wp-block-column is-layout-flow wp-block-column-is-layout-flow\">\n<div class=\"wp-block-buttons is-content-justification-center is-layout-flex wp-container-core-buttons-is-layout-a89b3969 wp-block-buttons-is-layout-flex\">\n<div class=\"wp-block-button\"><a class=\"wp-block-button__link has-text-align-center wp-element-button\" href=\"https:\/\/labatie.fr\/en\/chambre-la-loge\/\">Discover La Loge<\/a><\/div>\n<\/div>\n<\/div>\n\n\n\n<div class=\"wp-block-column is-layout-flow wp-block-column-is-layout-flow\">\n<div class=\"wp-block-buttons is-content-justification-center is-layout-flex wp-container-core-buttons-is-layout-a89b3969 wp-block-buttons-is-layout-flex\">\n<div class=\"wp-block-button\"><a class=\"wp-block-button__link has-text-align-center wp-element-button\" href=\"https:\/\/labatie.fr\/en\/chambre-la-tour\/\">Discover La Tour<\/a><\/div>\n<\/div>\n<\/div>\n<\/div>","protected":false},"excerpt":{"rendered":"<p>Nos Appartements Nos Appartements : La Loge vs La Tour Quel \u00e9crin choisir pour votre s\u00e9jour \u00e0 Vienne ? Ce guide de comparaison vous ouvre les portes de deux appartements d&rsquo;exception \u00e0 Vienne, chacun con\u00e7u pour offrir une exp\u00e9rience unique. Que vous recherchiez le luxe discret d&rsquo;un penthouse avec terrasse panoramique ou l&rsquo;intimit\u00e9 d&rsquo;un duplex [&hellip;]<\/p>","protected":false},"author":1,"featured_media":0,"parent":0,"menu_order":0,"comment_status":"closed","ping_status":"closed","template":"","meta":{"_uag_custom_page_level_css":"","site-sidebar-layout":"no-sidebar","site-content-layout":"page-builder","ast-site-content-layout":"full-width-container","site-content-style":"unboxed","site-sidebar-style":"unboxed","ast-global-header-display":"","ast-banner-title-visibility":"","ast-main-header-display":"","ast-hfb-above-header-display":"","ast-hfb-below-header-display":"","ast-hfb-mobile-header-display":"","site-post-title":"disabled","ast-breadcrumbs-content":"","ast-featured-img":"disabled","footer-sml-layout":"","theme-transparent-header-meta":"enabled","adv-header-id-meta":"","stick-header-meta":"","header-above-stick-meta":"","header-main-stick-meta":"","header-below-stick-meta":"","astra-migrate-meta-layouts":"set","ast-page-background-enabled":"default","ast-page-background-meta":{"desktop":{"background-color":"var(--ast-global-color-4)","background-image":"","background-repeat":"repeat","background-position":"center center","background-size":"auto","background-attachment":"scroll","background-type":"","background-media":"","overlay-type":"","overlay-color":"","overlay-opacity":"","overlay-gradient":""},"tablet":{"background-color":"","background-image":"","background-repeat":"repeat","background-position":"center center","background-size":"auto","background-attachment":"scroll","background-type":"","background-media":"","overlay-type":"","overlay-color":"","overlay-opacity":"","overlay-gradient":""},"mobile":{"background-color":"","background-image":"","background-repeat":"repeat","background-position":"center center","background-size":"auto","background-attachment":"scroll","background-type":"","background-media":"","overlay-type":"","overlay-color":"","overlay-opacity":"","overlay-gradient":""}},"ast-content-background-meta":{"desktop":{"background-color":"var(--ast-global-color-5)","background-image":"","background-repeat":"repeat","background-position":"center center","background-size":"auto","background-attachment":"scroll","background-type":"","background-media":"","overlay-type":"","overlay-color":"","overlay-opacity":"","overlay-gradient":""},"tablet":{"background-color":"var(--ast-global-color-5)","background-image":"","background-repeat":"repeat","background-position":"center center","background-size":"auto","background-attachment":"scroll","background-type":"","background-media":"","overlay-type":"","overlay-color":"","overlay-opacity":"","overlay-gradient":""},"mobile":{"background-color":"var(--ast-global-color-5)","background-image":"","background-repeat":"repeat","background-position":"center center","background-size":"auto","background-attachment":"scroll","background-type":"","background-media":"","overlay-type":"","overlay-color":"","overlay-opacity":"","overlay-gradient":""}},"footnotes":""},"class_list":["post-3520","page","type-page","status-publish","hentry"],"yoast_head":"<!-- This site is optimized with the Yoast SEO plugin v26.3 - https:\/\/yoast.com\/wordpress\/plugins\/seo\/ -->\n<title>Nos Appartements<\/title>\n<meta name=\"description\" content=\"Loge ou Tour ? Comparez nos appartements premium. Terrasse, vue panoramique, charme historique. Trouvez votre lieu id\u00e9al \u00e0 Vienne.\" \/>\n<meta name=\"robots\" content=\"index, follow, max-snippet:-1, max-image-preview:large, max-video-preview:-1\" \/>\n<link rel=\"canonical\" href=\"https:\/\/labatie.fr\/en\/nos-appartements\/\" \/>\n<meta property=\"og:locale\" content=\"en_GB\" \/>\n<meta property=\"og:type\" content=\"article\" \/>\n<meta property=\"og:title\" content=\"Nos Appartements\" \/>\n<meta property=\"og:description\" content=\"Loge ou Tour ? Comparez nos appartements premium. Terrasse, vue panoramique, charme historique. Trouvez votre lieu id\u00e9al \u00e0 Vienne.\" \/>\n<meta property=\"og:url\" content=\"https:\/\/labatie.fr\/en\/nos-appartements\/\" \/>\n<meta property=\"og:site_name\" content=\"La B\u00e2tie\" \/>\n<meta property=\"article:publisher\" content=\"https:\/\/www.facebook.com\/hoteslabatie\/\" \/>\n<meta property=\"article:modified_time\" content=\"2026-02-18T08:41:00+00:00\" \/>\n<meta property=\"og:image\" content=\"https:\/\/labatie.fr\/wp-content\/uploads\/2025\/02\/20230308_161905-01_resultat-1.webp\" \/>\n\t<meta property=\"og:image:width\" content=\"1080\" \/>\n\t<meta property=\"og:image:height\" content=\"1080\" \/>\n\t<meta property=\"og:image:type\" content=\"image\/webp\" \/>\n<meta name=\"twitter:card\" content=\"summary_large_image\" \/>\n<meta name=\"twitter:label1\" content=\"Estimated reading time\" \/>\n\t<meta name=\"twitter:data1\" content=\"2 minutes\" \/>\n<script type=\"application\/ld+json\" class=\"yoast-schema-graph\">{\"@context\":\"https:\/\/schema.org\",\"@graph\":[{\"@type\":\"WebPage\",\"@id\":\"https:\/\/labatie.fr\/nos-appartements\/\",\"url\":\"https:\/\/labatie.fr\/nos-appartements\/\",\"name\":\"Nos Appartements\",\"isPartOf\":{\"@id\":\"https:\/\/labatie.fr\/#website\"},\"primaryImageOfPage\":{\"@id\":\"https:\/\/labatie.fr\/nos-appartements\/#primaryimage\"},\"image\":{\"@id\":\"https:\/\/labatie.fr\/nos-appartements\/#primaryimage\"},\"thumbnailUrl\":\"https:\/\/labatie.fr\/wp-content\/uploads\/2025\/02\/20230308_161905-01_resultat-1-1024x1024.webp\",\"datePublished\":\"2025-11-27T08:50:08+00:00\",\"dateModified\":\"2026-02-18T08:41:00+00:00\",\"description\":\"Loge ou Tour ? Comparez nos appartements premium. Terrasse, vue panoramique, charme historique. Trouvez votre lieu id\u00e9al \u00e0 Vienne.\",\"breadcrumb\":{\"@id\":\"https:\/\/labatie.fr\/nos-appartements\/#breadcrumb\"},\"inLanguage\":\"en-GB\",\"potentialAction\":[{\"@type\":\"ReadAction\",\"target\":[\"https:\/\/labatie.fr\/nos-appartements\/\"]}]},{\"@type\":\"ImageObject\",\"inLanguage\":\"en-GB\",\"@id\":\"https:\/\/labatie.fr\/nos-appartements\/#primaryimage\",\"url\":\"https:\/\/labatie.fr\/wp-content\/uploads\/2025\/02\/20230308_161905-01_resultat-1-1024x1024.webp\",\"contentUrl\":\"https:\/\/labatie.fr\/wp-content\/uploads\/2025\/02\/20230308_161905-01_resultat-1-1024x1024.webp\"},{\"@type\":\"BreadcrumbList\",\"@id\":\"https:\/\/labatie.fr\/nos-appartements\/#breadcrumb\",\"itemListElement\":[{\"@type\":\"ListItem\",\"position\":1,\"name\":\"Accueil\",\"item\":\"https:\/\/labatie.fr\/\"},{\"@type\":\"ListItem\",\"position\":2,\"name\":\"Nos Appartements\"}]},{\"@type\":\"WebSite\",\"@id\":\"https:\/\/labatie.fr\/#website\",\"url\":\"https:\/\/labatie.fr\/\",\"name\":\"La B\u00e2tie\",\"description\":\"La B\u00e2tie location touristique vienne is\u00e8re\",\"publisher\":{\"@id\":\"https:\/\/labatie.fr\/#organization\"},\"alternateName\":\"Location touristique\",\"potentialAction\":[{\"@type\":\"SearchAction\",\"target\":{\"@type\":\"EntryPoint\",\"urlTemplate\":\"https:\/\/labatie.fr\/?s={search_term_string}\"},\"query-input\":{\"@type\":\"PropertyValueSpecification\",\"valueRequired\":true,\"valueName\":\"search_term_string\"}}],\"inLanguage\":\"en-GB\"},{\"@type\":\"Organization\",\"@id\":\"https:\/\/labatie.fr\/#organization\",\"name\":\"La B\u00e2tie\",\"url\":\"https:\/\/labatie.fr\/\",\"logo\":{\"@type\":\"ImageObject\",\"inLanguage\":\"en-GB\",\"@id\":\"https:\/\/labatie.fr\/#\/schema\/logo\/image\/\",\"url\":\"https:\/\/testlabatie.fr\/wp-content\/uploads\/2025\/02\/Design-sans-titre.png\",\"contentUrl\":\"https:\/\/testlabatie.fr\/wp-content\/uploads\/2025\/02\/Design-sans-titre.png\",\"width\":500,\"height\":500,\"caption\":\"La B\u00e2tie\"},\"image\":{\"@id\":\"https:\/\/labatie.fr\/#\/schema\/logo\/image\/\"},\"sameAs\":[\"https:\/\/www.facebook.com\/hoteslabatie\/\",\"https:\/\/www.instagram.com\/la.batie\/\"]}]}<\/script>\n<!-- \/ Yoast SEO plugin. -->","yoast_head_json":{"title":"Our Apartments","description":"Loge ou Tour ? Comparez nos appartements premium. Terrasse, vue panoramique, charme historique. Trouvez votre lieu id\u00e9al \u00e0 Vienne.","robots":{"index":"index","follow":"follow","max-snippet":"max-snippet:-1","max-image-preview":"max-image-preview:large","max-video-preview":"max-video-preview:-1"},"canonical":"https:\/\/labatie.fr\/en\/nos-appartements\/","og_locale":"en_GB","og_type":"article","og_title":"Nos Appartements","og_description":"Loge ou Tour ? Comparez nos appartements premium. Terrasse, vue panoramique, charme historique. Trouvez votre lieu id\u00e9al \u00e0 Vienne.","og_url":"https:\/\/labatie.fr\/en\/nos-appartements\/","og_site_name":"La B\u00e2tie","article_publisher":"https:\/\/www.facebook.com\/hoteslabatie\/","article_modified_time":"2026-02-18T08:41:00+00:00","og_image":[{"width":1080,"height":1080,"url":"https:\/\/labatie.fr\/wp-content\/uploads\/2025\/02\/20230308_161905-01_resultat-1.webp","type":"image\/webp"}],"twitter_card":"summary_large_image","twitter_misc":{"Estimated reading time":"2 minutes"},"schema":{"@context":"https:\/\/schema.org","@graph":[{"@type":"WebPage","@id":"https:\/\/labatie.fr\/nos-appartements\/","url":"https:\/\/labatie.fr\/nos-appartements\/","name":"Our Apartments","isPartOf":{"@id":"https:\/\/labatie.fr\/#website"},"primaryImageOfPage":{"@id":"https:\/\/labatie.fr\/nos-appartements\/#primaryimage"},"image":{"@id":"https:\/\/labatie.fr\/nos-appartements\/#primaryimage"},"thumbnailUrl":"https:\/\/labatie.fr\/wp-content\/uploads\/2025\/02\/20230308_161905-01_resultat-1-1024x1024.webp","datePublished":"2025-11-27T08:50:08+00:00","dateModified":"2026-02-18T08:41:00+00:00","description":"Loge ou Tour ? Comparez nos appartements premium. Terrasse, vue panoramique, charme historique. Trouvez votre lieu id\u00e9al \u00e0 Vienne.","breadcrumb":{"@id":"https:\/\/labatie.fr\/nos-appartements\/#breadcrumb"},"inLanguage":"en-GB","potentialAction":[{"@type":"ReadAction","target":["https:\/\/labatie.fr\/nos-appartements\/"]}]},{"@type":"ImageObject","inLanguage":"en-GB","@id":"https:\/\/labatie.fr\/nos-appartements\/#primaryimage","url":"https:\/\/labatie.fr\/wp-content\/uploads\/2025\/02\/20230308_161905-01_resultat-1-1024x1024.webp","contentUrl":"https:\/\/labatie.fr\/wp-content\/uploads\/2025\/02\/20230308_161905-01_resultat-1-1024x1024.webp"},{"@type":"BreadcrumbList","@id":"https:\/\/labatie.fr\/nos-appartements\/#breadcrumb","itemListElement":[{"@type":"ListItem","position":1,"name":"Accueil","item":"https:\/\/labatie.fr\/"},{"@type":"ListItem","position":2,"name":"Nos Appartements"}]},{"@type":"WebSite","@id":"https:\/\/labatie.fr\/#website","url":"https:\/\/labatie.fr\/","name":"La B\u00e2tie","description":"La B\u00e2tie location touristique vienne is\u00e8re","publisher":{"@id":"https:\/\/labatie.fr\/#organization"},"alternateName":"Location touristique","potentialAction":[{"@type":"SearchAction","target":{"@type":"EntryPoint","urlTemplate":"https:\/\/labatie.fr\/?s={search_term_string}"},"query-input":{"@type":"PropertyValueSpecification","valueRequired":true,"valueName":"search_term_string"}}],"inLanguage":"en-GB"},{"@type":"Organization","@id":"https:\/\/labatie.fr\/#organization","name":"La B\u00e2tie","url":"https:\/\/labatie.fr\/","logo":{"@type":"ImageObject","inLanguage":"en-GB","@id":"https:\/\/labatie.fr\/#\/schema\/logo\/image\/","url":"https:\/\/testlabatie.fr\/wp-content\/uploads\/2025\/02\/Design-sans-titre.png","contentUrl":"https:\/\/testlabatie.fr\/wp-content\/uploads\/2025\/02\/Design-sans-titre.png","width":500,"height":500,"caption":"La B\u00e2tie"},"image":{"@id":"https:\/\/labatie.fr\/#\/schema\/logo\/image\/"},"sameAs":["https:\/\/www.facebook.com\/hoteslabatie\/","https:\/\/www.instagram.com\/la.batie\/"]}]}},"uagb_featured_image_src":{"full":false,"thumbnail":false,"medium":false,"medium_large":false,"large":false,"1536x1536":false,"2048x2048":false,"trp-custom-language-flag":false},"uagb_author_info":{"display_name":"admin2786","author_link":"https:\/\/labatie.fr\/en\/author\/admin2786\/"},"uagb_comment_info":0,"uagb_excerpt":"Nos Appartements Nos Appartements : La Loge vs La Tour Quel \u00e9crin choisir pour votre s\u00e9jour \u00e0 Vienne ? Ce guide de comparaison vous ouvre les portes de deux appartements d&rsquo;exception \u00e0 Vienne, chacun con\u00e7u pour offrir une exp\u00e9rience unique. Que vous recherchiez le luxe discret d&rsquo;un penthouse avec terrasse panoramique ou l&rsquo;intimit\u00e9 d&rsquo;un duplex&hellip;","_links":{"self":[{"href":"https:\/\/labatie.fr\/en\/wp-json\/wp\/v2\/pages\/3520","targetHints":{"allow":["GET"]}}],"collection":[{"href":"https:\/\/labatie.fr\/en\/wp-json\/wp\/v2\/pages"}],"about":[{"href":"https:\/\/labatie.fr\/en\/wp-json\/wp\/v2\/types\/page"}],"author":[{"embeddable":true,"href":"https:\/\/labatie.fr\/en\/wp-json\/wp\/v2\/users\/1"}],"replies":[{"embeddable":true,"href":"https:\/\/labatie.fr\/en\/wp-json\/wp\/v2\/comments?post=3520"}],"version-history":[{"count":25,"href":"https:\/\/labatie.fr\/en\/wp-json\/wp\/v2\/pages\/3520\/revisions"}],"predecessor-version":[{"id":3664,"href":"https:\/\/labatie.fr\/en\/wp-json\/wp\/v2\/pages\/3520\/revisions\/3664"}],"wp:attachment":[{"href":"https:\/\/labatie.fr\/en\/wp-json\/wp\/v2\/media?parent=3520"}],"curies":[{"name":"wp","href":"https:\/\/api.w.org\/{rel}","templated":true}]}}