{"id":2996,"date":"2025-02-13T11:06:02","date_gmt":"2025-02-13T10:06:02","guid":{"rendered":"https:\/\/testlabatie.fr\/?page_id=2996"},"modified":"2025-11-24T18:06:37","modified_gmt":"2025-11-24T17:06:37","slug":"page-vienne-et-alentours","status":"publish","type":"page","link":"https:\/\/labatie.fr\/en\/page-vienne-et-alentours\/","title":{"rendered":"Vienne and surroundings"},"content":{"rendered":"<div class=\"wp-block-uagb-container uagb-block-ae0bc409 alignfull uagb-is-root-container\"><div class=\"uagb-container-inner-blocks-wrap\">\n<div class=\"wp-block-uagb-advanced-heading uagb-block-8a1eebc0\"><h1 class=\"uagb-heading-text\">Vienne and surroundings<\/h1><\/div>\n<\/div><\/div>\n\n\n\n<div style=\"height:20px\" aria-hidden=\"true\" class=\"wp-block-spacer\"><\/div>\n\n\n\n<h2 class=\"wp-block-heading has-text-align-center\" style=\"font-size:25px\">Vienne and its Treasures: Culture, Gastronomy and Exceptional Vineyards<\/h2>\n\n\n\n<div class=\"wp-block-group is-layout-constrained wp-container-core-group-is-layout-82ee9023 wp-block-group-is-layout-constrained\" style=\"margin-top:-20px;margin-bottom:-20px\">\n<p class=\"has-text-align-justify has-text-align-justify translation-block\"><em><a href=\"https:\/\/www.vienne-condrieu.com\/\" target=\"_self\">Vienne<\/a><\/em>, the former seat of imperial power, is a destination that combines a colossal historical heritage with renowned culinary and wine excellence. Just a few minutes from <em><a href=\"https:\/\/labatie.fr\/en\/\" target=\"_self\">La B\u00e2tie<\/a><\/em>, you can immerse yourself in French history and art de vivre, ideal for a cultural immersion or a gourmet break.<\/p>\n<\/div>\n\n\n\n<div class=\"wp-block-uagb-image uagb-block-ed3d5e88 wp-block-uagb-image--layout-default wp-block-uagb-image--effect-static wp-block-uagb-image--align-none\"><figure class=\"wp-block-uagb-image__figure\"><img decoding=\"async\" srcset=\"https:\/\/labatie.fr\/wp-content\/uploads\/2025\/02\/pknc2eiwy16k5mrqe28x.jpg ,https:\/\/labatie.fr\/wp-content\/uploads\/2025\/02\/pknc2eiwy16k5mrqe28x.jpg 780w, https:\/\/labatie.fr\/wp-content\/uploads\/2025\/02\/pknc2eiwy16k5mrqe28x.jpg 360w\" sizes=\"auto, (max-width: 480px) 150px\" src=\"https:\/\/labatie.fr\/wp-content\/uploads\/2025\/02\/pknc2eiwy16k5mrqe28x.jpg\" alt=\"vue sur le temple romain de Vienne is\u00e8re 38\" class=\"uag-image-3007\" width=\"960\" height=\"640\" title=\"vue du temple romain\" loading=\"lazy\" role=\"img\"\/><\/figure><\/div>\n\n\n\n<div style=\"height:20px\" aria-hidden=\"true\" class=\"wp-block-spacer\"><\/div>\n\n\n\n<h2 class=\"wp-block-heading has-text-align-center\" style=\"font-size:25px\">A Journey Through Time: Roman and Medieval Heritage<\/h2>\n\n\n\n<div class=\"wp-block-group is-layout-constrained wp-container-core-group-is-layout-b68aae71 wp-block-group-is-layout-constrained\" style=\"margin-top:-30px;margin-bottom:-30px\">\n<p class=\"has-text-align-justify has-text-align-justify\">Vienne's wealth of history offers you a veritable open-air museum. From antiquity to the Middle Ages, every street corner tells a story.<\/p>\n<\/div>\n\n\n\n<div class=\"wp-block-group is-layout-constrained wp-container-core-group-is-layout-bea02a06 wp-block-group-is-layout-constrained\">\n<ul style=\"margin-top:-20px;margin-bottom:-20px\" class=\"wp-block-list\">\n<li class=\"translation-block\"><strong>Roman heritage:<\/strong> Immerse yourself in the heart of ancient Vienna, a major city of the Empire. Don't miss the Temple of Augustus and Livia, one of the best preserved in France, or the impressive <strong><em><a href=\"https:\/\/www.theatreantiquedevienne.com\/fr\" target=\"_self\">Ancient Theatre<\/a><\/em><\/strong>, which continues to host major artistic events. On the other bank of the Rh\u00f4ne, the <a href=\"https:\/\/musee-site.rhone.fr\/\" target=\"_self\">Gallo-Roman Museum of Saint-Romain-en-Gal<\/a> bears witness to the grandeur of this colony.<\/li>\n\n\n\n<li class=\"translation-block\"><strong>Medieval Jewels:<\/strong> The story continues with iconic buildings, notably the <strong>Saint-Maurice Cathedral<\/strong> (built between the 12th and 16th centuries) and the <strong>Cloister of Saint-Andr\u00e9-le-Bas<\/strong>, which bear witness to the city's ecclesiastical power.<\/li>\n<\/ul>\n<\/div>\n\n\n\n<h2 class=\"wp-block-heading has-text-align-center\" style=\"font-size:25px\">The Must-See Event: Jazz \u00e0 Vienne<\/h2>\n\n\n\n<div class=\"wp-block-group is-layout-constrained wp-container-core-group-is-layout-b68aae71 wp-block-group-is-layout-constrained\" style=\"margin-top:-30px;margin-bottom:-30px\">\n<p class=\"translation-block\">Every early summer (June-July), the city comes alive with one of Europe's most prestigious festivals: <a href=\"https:\/\/www.jazzavienne.com\/\" target=\"_self\"><strong><em>Jazz \u00e0 Vienne<\/em><\/strong><\/a>. This world-renowned event welcomes the greatest legends of music (jazz, soul, funk) in the magical setting and exceptional acoustics of the <strong>Th\u00e9\u00e2tre Antique<\/strong>.<\/p>\n\n\n\n<blockquote class=\"wp-block-quote has-background is-layout-flow wp-block-quote-is-layout-flow\" style=\"background-color:#faf6f0\">\n<p class=\"translation-block\"><em><strong>The La B\u00e2tie privilege:<\/strong> During the festival, staying with us is a rare luxury. Forget about parking worries: you can walk to the concerts in just a few minutes and return to the absolute tranquillity of your flat as soon as the show is over.<\/p>\n<\/blockquote>\n<\/div>\n\n\n\n<div style=\"height:20px\" aria-hidden=\"true\" class=\"wp-block-spacer\"><\/div>\n\n\n\n<div class=\"wp-block-uagb-image aligncenter uagb-block-4992b74c wp-block-uagb-image--layout-default wp-block-uagb-image--effect-static wp-block-uagb-image--align-center\"><figure class=\"wp-block-uagb-image__figure\"><img decoding=\"async\" srcset=\"https:\/\/labatie.fr\/wp-content\/uploads\/2025\/11\/Jazz-a-Vienne-2024-1024x559.webp ,https:\/\/labatie.fr\/wp-content\/uploads\/2025\/11\/Jazz-a-Vienne-2024.webp 780w, https:\/\/labatie.fr\/wp-content\/uploads\/2025\/11\/Jazz-a-Vienne-2024.webp 360w\" sizes=\"auto, (max-width: 480px) 150px\" src=\"https:\/\/labatie.fr\/wp-content\/uploads\/2025\/11\/Jazz-a-Vienne-2024-1024x559.webp\" alt=\"\" class=\"uag-image-3439\" width=\"1024\" height=\"559\" title=\"Jazz-a-Vienne-2024\" loading=\"lazy\" role=\"img\"\/><\/figure><\/div>\n\n\n\n<div style=\"height:20px\" aria-hidden=\"true\" class=\"wp-block-spacer\"><\/div>\n\n\n\n<h2 class=\"wp-block-heading has-text-align-center\" style=\"font-size:25px\">Excellence of the Terroir: C\u00f4te-R\u00f4tie and Condrieu<\/h2>\n\n\n\n<p class=\"has-text-align-center\">Vienne enjoys a privileged location at the crossroads of the most prestigious northern vineyards of the Rh\u00f4ne Valley.<\/p>\n\n\n\n<div class=\"wp-block-group is-layout-constrained wp-container-core-group-is-layout-bea02a06 wp-block-group-is-layout-constrained\">\n<ul class=\"wp-block-list\">\n<li class=\"translation-block\"><strong>Cradle of the Northern C\u00f4tes du Rh\u00f4ne:<\/strong> The iconic villages of <strong>Ampuis<\/strong> (for <strong><em><a href=\"https:\/\/www.cote-rotie.com\/\" target=\"\u2018_self\u2019\">C\u00f4te-R\u00f4tie<\/a><\/em><\/strong>) and <strong><em><a href=\"https:\/\/vin-condrieu.fr\/\" target=\"_self\">Condrieu<\/a><\/em><\/strong> are less than a <strong>15-minute<\/strong> drive from La B\u00e2tie.<\/li>\n\n\n\n<li class=\"translation-block\"><strong>Prestigious wines:<\/strong> The famous <a href=\"https:\/\/www.cote-rotie.com\/\" target=\"_self\">C\u00f4te-R\u00f4tie<\/a> (a powerful red wine) and <a href=\"https:\/\/www.vin-condrieu.fr\/\" target=\"_self\">Condrieu<\/a> (an aromatic white wine made from the Viognier grape variety) enjoy a worldwide reputation. This is the perfect opportunity to visit the local cellars and learn about wine tasting on these steep slopes, shaped by human hands since Roman times.<\/li>\n<\/ul>\n<\/div>\n\n\n\n<div class=\"wp-block-uagb-image uagb-block-535e05cb wp-block-uagb-image--layout-default wp-block-uagb-image--effect-static wp-block-uagb-image--align-none\"><figure class=\"wp-block-uagb-image__figure\"><img decoding=\"async\" srcset=\"https:\/\/labatie.fr\/wp-content\/uploads\/2025\/03\/vignes.jpg ,https:\/\/labatie.fr\/wp-content\/uploads\/2025\/03\/vignes.jpg 780w, https:\/\/labatie.fr\/wp-content\/uploads\/2025\/03\/vignes.jpg 360w\" sizes=\"auto, (max-width: 480px) 150px\" src=\"https:\/\/labatie.fr\/wp-content\/uploads\/2025\/03\/vignes.jpg\" alt=\"\" class=\"uag-image-3139\" width=\"1024\" height=\"680\" title=\"vignes\" loading=\"lazy\" role=\"img\"\/><\/figure><\/div>\n\n\n\n<div class=\"wp-block-group is-layout-constrained wp-container-core-group-is-layout-bea02a06 wp-block-group-is-layout-constrained\">\n<h2 class=\"wp-block-heading has-text-align-center\" style=\"font-size:25px\">La Vienne Gourmande: Two Stars and Art de Vivre<\/h2>\n<\/div>\n\n\n\n<p class=\"has-text-align-center\">H\u00e9riti\u00e8re d&rsquo;une longue tradition, la ville est une \u00e9tape incontournable pour les gourmets.<\/p>\n\n\n\n<div class=\"wp-block-group is-layout-constrained wp-container-core-group-is-layout-99afcabf wp-block-group-is-layout-constrained\" style=\"margin-top:-10px;margin-bottom:-10px\">\n<ul class=\"wp-block-list\">\n<li class=\"translation-block\"><strong>La Pyramide (2 Michelin stars):<\/strong> The two-Michelin-starred restaurant <strong>La Pyramide \u2013 Maison Henriroux<\/strong> is a legendary institution located just a few minutes from your flat.<\/li>\n\n\n\n<li class=\"translation-block\"><strong>Bistronomic quality:<\/strong> Beyond this culinary hotspot, Vienne offers a wide selection of bistronomic restaurants, perfect for savouring local Is\u00e8re produce.<\/li>\n\n\n\n<li class=\"translation-block\"><strong><em><a href=\"https:\/\/www.vienne-condrieu.com\/fete-et-manifestation\/grand-marche-du-samedi-a-vienne-vienne\/\" target=\"\u2018_self\u2019\">The Saturday Market<\/a><\/em>:<\/strong> Every Saturday morning, the heart of the city comes alive to welcome one of the largest markets in France (often cited as the <strong>second largest in the country<\/strong> in terms of size). It is a vibrant event, renowned for its colours, smells and the exceptional quality of its local producers.<\/li>\n<\/ul>\n<\/div>\n\n\n\n<div class=\"wp-block-uagb-image uagb-block-52ea2cdf wp-block-uagb-image--layout-default wp-block-uagb-image--effect-static wp-block-uagb-image--align-none\"><figure class=\"wp-block-uagb-image__figure\"><img decoding=\"async\" srcset=\"https:\/\/labatie.fr\/wp-content\/uploads\/2025\/11\/RDV_Travel_viarhona-1024x340.jpg ,https:\/\/labatie.fr\/wp-content\/uploads\/2025\/11\/RDV_Travel_viarhona.jpg 780w, https:\/\/labatie.fr\/wp-content\/uploads\/2025\/11\/RDV_Travel_viarhona.jpg 360w\" sizes=\"auto, (max-width: 480px) 150px\" src=\"https:\/\/labatie.fr\/wp-content\/uploads\/2025\/11\/RDV_Travel_viarhona-1024x340.jpg\" alt=\"\" class=\"uag-image-3423\" width=\"1024\" height=\"340\" title=\"RDV_Travel_viarhona\" loading=\"lazy\" role=\"img\"\/><\/figure><\/div>\n\n\n\n<div style=\"height:20px\" aria-hidden=\"true\" class=\"wp-block-spacer\"><\/div>\n\n\n\n<h2 class=\"wp-block-heading has-text-align-center\" style=\"font-size:25px\">Active Escape: The ViaRh\u00f4na<\/h2>\n\n\n\n<div class=\"wp-block-group is-layout-constrained wp-container-core-group-is-layout-b68aae71 wp-block-group-is-layout-constrained\" style=\"margin-top:-30px;margin-bottom:-30px\">\n<p class=\"has-text-align-justify has-text-align-justify translation-block\">For cycling enthusiasts or those who enjoy strolling along the water, the <strong><em><a href=\"https:\/\/www.viarhona.com\/\" target=\"_self\">ViaRh\u00f4na<\/a> <\/em><\/strong>runs along the foot of the city. This cycle route allows you to explore the riverbanks, offering peaceful views between vineyards and alluvial plains, heading north towards Lyon or southwards.<\/p>\n<\/div>\n\n\n\n<hr class=\"wp-block-separator has-alpha-channel-opacity\"\/>\n\n\n\n<h2 class=\"wp-block-heading has-text-align-center\" style=\"font-size:25px\">Accessibility and Great Escapes<\/h2>\n\n\n\n<p class=\"has-text-align-center\">La B\u00e2tie is a strategic starting point for exploring the Auvergne-Rh\u00f4ne-Alpes region and beyond.<\/p>\n\n\n\n<div class=\"wp-block-group is-layout-constrained wp-container-core-group-is-layout-bea02a06 wp-block-group-is-layout-constrained\">\n<figure class=\"wp-block-table is-style-stripes\"><table class=\"has-fixed-layout\"><thead><tr><th>Destination<\/th><th>Travel Time<\/th><th>Interest<\/th><\/tr><\/thead><tbody><tr><td><strong>Lyon (Lyon Perrache Station)<\/strong><\/td><td><strong>20 minutes by train<\/strong><\/td><td>Ideal for a day of culture or shopping without the hassle of parking in Lyon.<\/td><\/tr><tr><td><strong>Annecy Lake<\/strong><\/td><td><strong>1h30 by car<\/strong><\/td><td>A refreshing alpine getaway to one of Europe's purest lakes.<\/td><\/tr><tr><td><strong>Lyon St-Exup\u00e9ry Airport (LYS)<\/strong><\/td><td><strong>40 minutes by car<\/strong><\/td><td>Convenience for international travellers.<\/td><\/tr><tr><td><strong>The Mediterranean Sea<\/strong><\/td><td><strong>2h30 by car<\/strong><\/td><td>The beach and sunshine are within easy reach for those who extend their stay.<\/td><\/tr><\/tbody><\/table><\/figure>\n<\/div>","protected":false},"excerpt":{"rendered":"<p>Vienne et Alentours Vienne et ses Tr\u00e9sors : Culture, Gastronomie et Vignobles d&rsquo;Exception Vienne, ancienne cit\u00e9 de pouvoir imp\u00e9riale, est une destination qui allie un patrimoine historique colossal \u00e0 une excellence culinaire et viticole reconnue. \u00c0 quelques minutes de La B\u00e2tie, vous acc\u00e9dez \u00e0 un concentr\u00e9 d&rsquo;histoire et d&rsquo;art de vivre \u00e0 la fran\u00e7aise, id\u00e9al [&hellip;]<\/p>","protected":false},"author":1,"featured_media":0,"parent":0,"menu_order":0,"comment_status":"closed","ping_status":"closed","template":"","meta":{"_uag_custom_page_level_css":"","site-sidebar-layout":"no-sidebar","site-content-layout":"page-builder","ast-site-content-layout":"full-width-container","site-content-style":"unboxed","site-sidebar-style":"unboxed","ast-global-header-display":"","ast-banner-title-visibility":"","ast-main-header-display":"","ast-hfb-above-header-display":"","ast-hfb-below-header-display":"","ast-hfb-mobile-header-display":"","site-post-title":"disabled","ast-breadcrumbs-content":"","ast-featured-img":"disabled","footer-sml-layout":"","theme-transparent-header-meta":"enabled","adv-header-id-meta":"","stick-header-meta":"","header-above-stick-meta":"","header-main-stick-meta":"","header-below-stick-meta":"","astra-migrate-meta-layouts":"set","ast-page-background-enabled":"default","ast-page-background-meta":{"desktop":{"background-color":"var(--ast-global-color-4)","background-image":"","background-repeat":"repeat","background-position":"center center","background-size":"auto","background-attachment":"scroll","background-type":"","background-media":"","overlay-type":"","overlay-color":"","overlay-opacity":"","overlay-gradient":""},"tablet":{"background-color":"","background-image":"","background-repeat":"repeat","background-position":"center center","background-size":"auto","background-attachment":"scroll","background-type":"","background-media":"","overlay-type":"","overlay-color":"","overlay-opacity":"","overlay-gradient":""},"mobile":{"background-color":"","background-image":"","background-repeat":"repeat","background-position":"center center","background-size":"auto","background-attachment":"scroll","background-type":"","background-media":"","overlay-type":"","overlay-color":"","overlay-opacity":"","overlay-gradient":""}},"ast-content-background-meta":{"desktop":{"background-color":"var(--ast-global-color-5)","background-image":"","background-repeat":"repeat","background-position":"center center","background-size":"auto","background-attachment":"scroll","background-type":"","background-media":"","overlay-type":"","overlay-color":"","overlay-opacity":"","overlay-gradient":""},"tablet":{"background-color":"var(--ast-global-color-5)","background-image":"","background-repeat":"repeat","background-position":"center center","background-size":"auto","background-attachment":"scroll","background-type":"","background-media":"","overlay-type":"","overlay-color":"","overlay-opacity":"","overlay-gradient":""},"mobile":{"background-color":"var(--ast-global-color-5)","background-image":"","background-repeat":"repeat","background-position":"center center","background-size":"auto","background-attachment":"scroll","background-type":"","background-media":"","overlay-type":"","overlay-color":"","overlay-opacity":"","overlay-gradient":""}},"footnotes":""},"class_list":["post-2996","page","type-page","status-publish","hentry"],"yoast_head":"<!-- This site is optimized with the Yoast SEO plugin v26.3 - https:\/\/yoast.com\/wordpress\/plugins\/seo\/ -->\n<title>Vienne &amp; Alentours | Cit\u00e9 Romaine, Jazz et C\u00f4te-R\u00f4tie | La B\u00e2tie<\/title>\n<meta name=\"description\" content=\"Vienne, cit\u00e9 romaine et gastronomie 2 \u00e9toiles. D\u00e9couvrez Jazz \u00e0 Vienne, le patrimoine historique et la Route des vins (C\u00f4te-R\u00f4tie).\" \/>\n<meta name=\"robots\" content=\"index, follow, max-snippet:-1, max-image-preview:large, max-video-preview:-1\" \/>\n<link rel=\"canonical\" href=\"https:\/\/labatie.fr\/en\/page-vienne-et-alentours\/\" \/>\n<meta property=\"og:locale\" content=\"en_GB\" \/>\n<meta property=\"og:type\" content=\"article\" \/>\n<meta property=\"og:title\" content=\"Vienne &amp; Alentours | Cit\u00e9 Romaine, Jazz et C\u00f4te-R\u00f4tie | La B\u00e2tie\" \/>\n<meta property=\"og:description\" content=\"Vienne, cit\u00e9 romaine et gastronomie 2 \u00e9toiles. D\u00e9couvrez Jazz \u00e0 Vienne, le patrimoine historique et la Route des vins (C\u00f4te-R\u00f4tie).\" \/>\n<meta property=\"og:url\" content=\"https:\/\/labatie.fr\/en\/page-vienne-et-alentours\/\" \/>\n<meta property=\"og:site_name\" content=\"La B\u00e2tie\" \/>\n<meta property=\"article:publisher\" content=\"https:\/\/www.facebook.com\/hoteslabatie\/\" \/>\n<meta property=\"article:modified_time\" content=\"2025-11-24T17:06:37+00:00\" \/>\n<meta property=\"og:image\" content=\"https:\/\/labatie.fr\/wp-content\/uploads\/2025\/02\/pknc2eiwy16k5mrqe28x.jpg\" \/>\n<meta name=\"twitter:card\" content=\"summary_large_image\" \/>\n<meta name=\"twitter:label1\" content=\"Estimated reading time\" \/>\n\t<meta name=\"twitter:data1\" content=\"4 minutes\" \/>\n<script type=\"application\/ld+json\" class=\"yoast-schema-graph\">{\"@context\":\"https:\/\/schema.org\",\"@graph\":[{\"@type\":\"WebPage\",\"@id\":\"https:\/\/labatie.fr\/page-vienne-et-alentours\/\",\"url\":\"https:\/\/labatie.fr\/page-vienne-et-alentours\/\",\"name\":\"Vienne & Alentours | Cit\u00e9 Romaine, Jazz et C\u00f4te-R\u00f4tie | La B\u00e2tie\",\"isPartOf\":{\"@id\":\"https:\/\/labatie.fr\/#website\"},\"primaryImageOfPage\":{\"@id\":\"https:\/\/labatie.fr\/page-vienne-et-alentours\/#primaryimage\"},\"image\":{\"@id\":\"https:\/\/labatie.fr\/page-vienne-et-alentours\/#primaryimage\"},\"thumbnailUrl\":\"https:\/\/labatie.fr\/wp-content\/uploads\/2025\/02\/pknc2eiwy16k5mrqe28x.jpg\",\"datePublished\":\"2025-02-13T10:06:02+00:00\",\"dateModified\":\"2025-11-24T17:06:37+00:00\",\"description\":\"Vienne, cit\u00e9 romaine et gastronomie 2 \u00e9toiles. D\u00e9couvrez Jazz \u00e0 Vienne, le patrimoine historique et la Route des vins (C\u00f4te-R\u00f4tie).\",\"breadcrumb\":{\"@id\":\"https:\/\/labatie.fr\/page-vienne-et-alentours\/#breadcrumb\"},\"inLanguage\":\"en-GB\",\"potentialAction\":[{\"@type\":\"ReadAction\",\"target\":[\"https:\/\/labatie.fr\/page-vienne-et-alentours\/\"]}]},{\"@type\":\"ImageObject\",\"inLanguage\":\"en-GB\",\"@id\":\"https:\/\/labatie.fr\/page-vienne-et-alentours\/#primaryimage\",\"url\":\"https:\/\/labatie.fr\/wp-content\/uploads\/2025\/02\/pknc2eiwy16k5mrqe28x.jpg\",\"contentUrl\":\"https:\/\/labatie.fr\/wp-content\/uploads\/2025\/02\/pknc2eiwy16k5mrqe28x.jpg\"},{\"@type\":\"BreadcrumbList\",\"@id\":\"https:\/\/labatie.fr\/page-vienne-et-alentours\/#breadcrumb\",\"itemListElement\":[{\"@type\":\"ListItem\",\"position\":1,\"name\":\"Accueil\",\"item\":\"https:\/\/labatie.fr\/\"},{\"@type\":\"ListItem\",\"position\":2,\"name\":\"Vienne et Alentours\"}]},{\"@type\":\"WebSite\",\"@id\":\"https:\/\/labatie.fr\/#website\",\"url\":\"https:\/\/labatie.fr\/\",\"name\":\"La B\u00e2tie\",\"description\":\"La B\u00e2tie location touristique vienne is\u00e8re\",\"publisher\":{\"@id\":\"https:\/\/labatie.fr\/#organization\"},\"alternateName\":\"Location touristique\",\"potentialAction\":[{\"@type\":\"SearchAction\",\"target\":{\"@type\":\"EntryPoint\",\"urlTemplate\":\"https:\/\/labatie.fr\/?s={search_term_string}\"},\"query-input\":{\"@type\":\"PropertyValueSpecification\",\"valueRequired\":true,\"valueName\":\"search_term_string\"}}],\"inLanguage\":\"en-GB\"},{\"@type\":\"Organization\",\"@id\":\"https:\/\/labatie.fr\/#organization\",\"name\":\"La B\u00e2tie\",\"url\":\"https:\/\/labatie.fr\/\",\"logo\":{\"@type\":\"ImageObject\",\"inLanguage\":\"en-GB\",\"@id\":\"https:\/\/labatie.fr\/#\/schema\/logo\/image\/\",\"url\":\"https:\/\/testlabatie.fr\/wp-content\/uploads\/2025\/02\/Design-sans-titre.png\",\"contentUrl\":\"https:\/\/testlabatie.fr\/wp-content\/uploads\/2025\/02\/Design-sans-titre.png\",\"width\":500,\"height\":500,\"caption\":\"La B\u00e2tie\"},\"image\":{\"@id\":\"https:\/\/labatie.fr\/#\/schema\/logo\/image\/\"},\"sameAs\":[\"https:\/\/www.facebook.com\/hoteslabatie\/\",\"https:\/\/www.instagram.com\/la.batie\/\"]}]}<\/script>\n<!-- \/ Yoast SEO plugin. -->","yoast_head_json":{"title":"Vienne & Alentours | Cit\u00e9 Romaine, Jazz et C\u00f4te-R\u00f4tie | La B\u00e2tie","description":"Vienne, cit\u00e9 romaine et gastronomie 2 \u00e9toiles. D\u00e9couvrez Jazz \u00e0 Vienne, le patrimoine historique et la Route des vins (C\u00f4te-R\u00f4tie).","robots":{"index":"index","follow":"follow","max-snippet":"max-snippet:-1","max-image-preview":"max-image-preview:large","max-video-preview":"max-video-preview:-1"},"canonical":"https:\/\/labatie.fr\/en\/page-vienne-et-alentours\/","og_locale":"en_GB","og_type":"article","og_title":"Vienne & Alentours | Cit\u00e9 Romaine, Jazz et C\u00f4te-R\u00f4tie | La B\u00e2tie","og_description":"Vienne, cit\u00e9 romaine et gastronomie 2 \u00e9toiles. D\u00e9couvrez Jazz \u00e0 Vienne, le patrimoine historique et la Route des vins (C\u00f4te-R\u00f4tie).","og_url":"https:\/\/labatie.fr\/en\/page-vienne-et-alentours\/","og_site_name":"La B\u00e2tie","article_publisher":"https:\/\/www.facebook.com\/hoteslabatie\/","article_modified_time":"2025-11-24T17:06:37+00:00","og_image":[{"url":"https:\/\/labatie.fr\/wp-content\/uploads\/2025\/02\/pknc2eiwy16k5mrqe28x.jpg","type":"","width":"","height":""}],"twitter_card":"summary_large_image","twitter_misc":{"Estimated reading time":"4 minutes"},"schema":{"@context":"https:\/\/schema.org","@graph":[{"@type":"WebPage","@id":"https:\/\/labatie.fr\/page-vienne-et-alentours\/","url":"https:\/\/labatie.fr\/page-vienne-et-alentours\/","name":"Vienne & Alentours | Cit\u00e9 Romaine, Jazz et C\u00f4te-R\u00f4tie | La B\u00e2tie","isPartOf":{"@id":"https:\/\/labatie.fr\/#website"},"primaryImageOfPage":{"@id":"https:\/\/labatie.fr\/page-vienne-et-alentours\/#primaryimage"},"image":{"@id":"https:\/\/labatie.fr\/page-vienne-et-alentours\/#primaryimage"},"thumbnailUrl":"https:\/\/labatie.fr\/wp-content\/uploads\/2025\/02\/pknc2eiwy16k5mrqe28x.jpg","datePublished":"2025-02-13T10:06:02+00:00","dateModified":"2025-11-24T17:06:37+00:00","description":"Vienne, cit\u00e9 romaine et gastronomie 2 \u00e9toiles. D\u00e9couvrez Jazz \u00e0 Vienne, le patrimoine historique et la Route des vins (C\u00f4te-R\u00f4tie).","breadcrumb":{"@id":"https:\/\/labatie.fr\/page-vienne-et-alentours\/#breadcrumb"},"inLanguage":"en-GB","potentialAction":[{"@type":"ReadAction","target":["https:\/\/labatie.fr\/page-vienne-et-alentours\/"]}]},{"@type":"ImageObject","inLanguage":"en-GB","@id":"https:\/\/labatie.fr\/page-vienne-et-alentours\/#primaryimage","url":"https:\/\/labatie.fr\/wp-content\/uploads\/2025\/02\/pknc2eiwy16k5mrqe28x.jpg","contentUrl":"https:\/\/labatie.fr\/wp-content\/uploads\/2025\/02\/pknc2eiwy16k5mrqe28x.jpg"},{"@type":"BreadcrumbList","@id":"https:\/\/labatie.fr\/page-vienne-et-alentours\/#breadcrumb","itemListElement":[{"@type":"ListItem","position":1,"name":"Accueil","item":"https:\/\/labatie.fr\/"},{"@type":"ListItem","position":2,"name":"Vienne et Alentours"}]},{"@type":"WebSite","@id":"https:\/\/labatie.fr\/#website","url":"https:\/\/labatie.fr\/","name":"La B\u00e2tie","description":"La B\u00e2tie location touristique vienne is\u00e8re","publisher":{"@id":"https:\/\/labatie.fr\/#organization"},"alternateName":"Location touristique","potentialAction":[{"@type":"SearchAction","target":{"@type":"EntryPoint","urlTemplate":"https:\/\/labatie.fr\/?s={search_term_string}"},"query-input":{"@type":"PropertyValueSpecification","valueRequired":true,"valueName":"search_term_string"}}],"inLanguage":"en-GB"},{"@type":"Organization","@id":"https:\/\/labatie.fr\/#organization","name":"La B\u00e2tie","url":"https:\/\/labatie.fr\/","logo":{"@type":"ImageObject","inLanguage":"en-GB","@id":"https:\/\/labatie.fr\/#\/schema\/logo\/image\/","url":"https:\/\/testlabatie.fr\/wp-content\/uploads\/2025\/02\/Design-sans-titre.png","contentUrl":"https:\/\/testlabatie.fr\/wp-content\/uploads\/2025\/02\/Design-sans-titre.png","width":500,"height":500,"caption":"La B\u00e2tie"},"image":{"@id":"https:\/\/labatie.fr\/#\/schema\/logo\/image\/"},"sameAs":["https:\/\/www.facebook.com\/hoteslabatie\/","https:\/\/www.instagram.com\/la.batie\/"]}]}},"uagb_featured_image_src":{"full":false,"thumbnail":false,"medium":false,"medium_large":false,"large":false,"1536x1536":false,"2048x2048":false,"trp-custom-language-flag":false},"uagb_author_info":{"display_name":"admin2786","author_link":"https:\/\/labatie.fr\/en\/author\/admin2786\/"},"uagb_comment_info":0,"uagb_excerpt":"Vienne et Alentours Vienne et ses Tr\u00e9sors : Culture, Gastronomie et Vignobles d&rsquo;Exception Vienne, ancienne cit\u00e9 de pouvoir imp\u00e9riale, est une destination qui allie un patrimoine historique colossal \u00e0 une excellence culinaire et viticole reconnue. \u00c0 quelques minutes de La B\u00e2tie, vous acc\u00e9dez \u00e0 un concentr\u00e9 d&rsquo;histoire et d&rsquo;art de vivre \u00e0 la fran\u00e7aise, id\u00e9al&hellip;","_links":{"self":[{"href":"https:\/\/labatie.fr\/en\/wp-json\/wp\/v2\/pages\/2996","targetHints":{"allow":["GET"]}}],"collection":[{"href":"https:\/\/labatie.fr\/en\/wp-json\/wp\/v2\/pages"}],"about":[{"href":"https:\/\/labatie.fr\/en\/wp-json\/wp\/v2\/types\/page"}],"author":[{"embeddable":true,"href":"https:\/\/labatie.fr\/en\/wp-json\/wp\/v2\/users\/1"}],"replies":[{"embeddable":true,"href":"https:\/\/labatie.fr\/en\/wp-json\/wp\/v2\/comments?post=2996"}],"version-history":[{"count":51,"href":"https:\/\/labatie.fr\/en\/wp-json\/wp\/v2\/pages\/2996\/revisions"}],"predecessor-version":[{"id":3469,"href":"https:\/\/labatie.fr\/en\/wp-json\/wp\/v2\/pages\/2996\/revisions\/3469"}],"wp:attachment":[{"href":"https:\/\/labatie.fr\/en\/wp-json\/wp\/v2\/media?parent=2996"}],"curies":[{"name":"wp","href":"https:\/\/api.w.org\/{rel}","templated":true}]}}