{"id":1324,"date":"2025-02-06T14:08:09","date_gmt":"2025-02-06T13:08:09","guid":{"rendered":"http:\/\/testlabatie.fr\/index.php\/about\/"},"modified":"2025-11-28T12:17:31","modified_gmt":"2025-11-28T11:17:31","slug":"booking-room","status":"publish","type":"page","link":"https:\/\/labatie.fr\/en\/booking-room\/","title":{"rendered":"Book"},"content":{"rendered":"<div class=\"wp-block-uagb-container uagb-block-ae0bc409 alignfull uagb-is-root-container\"><div class=\"uagb-container-inner-blocks-wrap\">\n<div class=\"wp-block-uagb-advanced-heading uagb-block-8a1eebc0\"><h1 class=\"uagb-heading-text\">Book<\/h1><\/div>\n<\/div><\/div>\n\n\n\n<div style=\"height:20px\" aria-hidden=\"true\" class=\"wp-block-spacer\"><\/div>\n\n\n\n<h2 class=\"wp-block-heading has-text-align-center\" style=\"font-size:25px\">Your Stay at La B\u00e2tie | Direct Booking<\/h2>\n\n\n\n<p class=\"has-text-align-center\">Confirm availability and take advantage of our special rates.<\/p>\n\n\n\n<p class=\"has-text-align-center\">You are on our official booking module. By booking directly, you are guaranteed to benefit from the best offer available at the moment and a privileged contact for any specific requests.<\/p>\n\n\n\n<div class=\"wp-block-group is-layout-constrained wp-block-group-is-layout-constrained\">\n<hr class=\"wp-block-separator has-alpha-channel-opacity\"\/>\n\n\n\n<p class=\"has-text-align-center has-black-color has-text-color has-link-color wp-elements-7b1d6577b0962a66bd8b42e2dc12b3ae translation-block\"><strong>Flexible payment options.<\/strong><br>To make your booking easier and give you complete peace of mind, we accept payment in three instalments at no extra cost via Alma or Klarna. This option will be offered to you directly when you confirm your booking.<\/p>\n\n\n\n<hr class=\"wp-block-separator has-alpha-channel-opacity\"\/>\n<\/div>\n\n\n\n<div class=\"wp-block-uagb-image uagb-block-708df187 wp-block-uagb-image--layout-default wp-block-uagb-image--effect-static wp-block-uagb-image--align-none\"><figure class=\"wp-block-uagb-image__figure\"><img decoding=\"async\" srcset=\"https:\/\/labatie.fr\/wp-content\/uploads\/2025\/05\/file_00000000fbb8620aa05570aa388c78f6-300x200.png ,https:\/\/labatie.fr\/wp-content\/uploads\/2025\/05\/file_00000000fbb8620aa05570aa388c78f6.png 780w, https:\/\/labatie.fr\/wp-content\/uploads\/2025\/05\/file_00000000fbb8620aa05570aa388c78f6.png 360w\" sizes=\"auto, (max-width: 480px) 150px\" src=\"https:\/\/labatie.fr\/wp-content\/uploads\/2025\/05\/file_00000000fbb8620aa05570aa388c78f6-300x200.png\" alt=\"\" class=\"uag-image-3203\" width=\"210\" height=\"140\" title=\"file_00000000fbb8620aa05570aa388c78f6\" loading=\"lazy\" role=\"img\"\/><\/figure><\/div>\n\n\n\n<div class=\"wp-block-group is-layout-constrained wp-block-group-is-layout-constrained\" style=\"margin-top:-20px;margin-bottom:-20px\">\n<p class=\"has-text-align-center has-border-color has-black-border-color has-ast-global-color-7-color has-text-color has-background has-link-color wp-elements-9bdd665bdbda70de9217ba07043d2a70\" style=\"border-width:3px;background-color:#faf6f0\">You will be redirected to our secure booking calendar. By clicking below, you will have access to real-time availability and can finalise your stay with the guarantee of the best rate.<\/p>\n\n\n\n<div class=\"wp-block-buttons is-content-justification-center is-layout-flex wp-container-core-buttons-is-layout-a89b3969 wp-block-buttons-is-layout-flex\">\n<div class=\"wp-block-button\"><a class=\"wp-block-button__link has-black-color has-text-color has-link-color has-text-align-center wp-element-button\" href=\"https:\/\/beds24.com\/booking2.php?propid=264089\" target=\"_blank\" rel=\"noreferrer noopener\">Access the Secure Booking Calendar<\/a><\/div>\n<\/div>\n<\/div>\n\n\n\n<p><\/p>","protected":false},"excerpt":{"rendered":"<p>R\u00e9server Votre S\u00e9jour \u00e0 La B\u00e2tie | R\u00e9servation en Direct Confirmez la disponibilit\u00e9 et b\u00e9n\u00e9ficiez de nos tarifs privil\u00e9gi\u00e9s. Vous \u00eates sur notre module de r\u00e9servation officiel. En r\u00e9servant directement, vous avez la garantie de b\u00e9n\u00e9ficier de la meilleure offre du moment et d&rsquo;un contact privil\u00e9gi\u00e9 pour toute demande sp\u00e9cifique. Flexibilit\u00e9 de paiement.Pour faciliter votre [&hellip;]<\/p>","protected":false},"author":1,"featured_media":2906,"parent":0,"menu_order":0,"comment_status":"closed","ping_status":"closed","template":"","meta":{"_uag_custom_page_level_css":"","site-sidebar-layout":"no-sidebar","site-content-layout":"page-builder","ast-site-content-layout":"full-width-container","site-content-style":"unboxed","site-sidebar-style":"default","ast-global-header-display":"","ast-banner-title-visibility":"","ast-main-header-display":"","ast-hfb-above-header-display":"","ast-hfb-below-header-display":"","ast-hfb-mobile-header-display":"","site-post-title":"disabled","ast-breadcrumbs-content":"","ast-featured-img":"","footer-sml-layout":"","theme-transparent-header-meta":"enabled","adv-header-id-meta":"","stick-header-meta":"","header-above-stick-meta":"","header-main-stick-meta":"","header-below-stick-meta":"","astra-migrate-meta-layouts":"set","ast-page-background-enabled":"default","ast-page-background-meta":{"desktop":{"background-color":"var(--ast-global-color-4)","background-image":"","background-repeat":"repeat","background-position":"center center","background-size":"auto","background-attachment":"scroll","background-type":"","background-media":"","overlay-type":"","overlay-color":"","overlay-opacity":"","overlay-gradient":""},"tablet":{"background-color":"","background-image":"","background-repeat":"repeat","background-position":"center center","background-size":"auto","background-attachment":"scroll","background-type":"","background-media":"","overlay-type":"","overlay-color":"","overlay-opacity":"","overlay-gradient":""},"mobile":{"background-color":"","background-image":"","background-repeat":"repeat","background-position":"center center","background-size":"auto","background-attachment":"scroll","background-type":"","background-media":"","overlay-type":"","overlay-color":"","overlay-opacity":"","overlay-gradient":""}},"ast-content-background-meta":{"desktop":{"background-color":"var(--ast-global-color-5)","background-image":"","background-repeat":"repeat","background-position":"center center","background-size":"auto","background-attachment":"scroll","background-type":"","background-media":"","overlay-type":"","overlay-color":"","overlay-opacity":"","overlay-gradient":""},"tablet":{"background-color":"var(--ast-global-color-5)","background-image":"","background-repeat":"repeat","background-position":"center center","background-size":"auto","background-attachment":"scroll","background-type":"","background-media":"","overlay-type":"","overlay-color":"","overlay-opacity":"","overlay-gradient":""},"mobile":{"background-color":"var(--ast-global-color-5)","background-image":"","background-repeat":"repeat","background-position":"center center","background-size":"auto","background-attachment":"scroll","background-type":"","background-media":"","overlay-type":"","overlay-color":"","overlay-opacity":"","overlay-gradient":""}},"footnotes":""},"class_list":["post-1324","page","type-page","status-publish","has-post-thumbnail","hentry"],"yoast_head":"<!-- This site is optimized with the Yoast SEO plugin v26.3 - https:\/\/yoast.com\/wordpress\/plugins\/seo\/ -->\n<title>R\u00e9server | La B\u00e2tie | Consulter les disponibilit\u00e9s<\/title>\n<meta name=\"description\" content=\"Consultez les disponibilit\u00e9s. R\u00e9servez votre appartement avec vue \u00e0 Vienne. Paiement s\u00e9curis\u00e9, meilleur tarif garanti et flexibilit\u00e9.\" \/>\n<meta name=\"robots\" content=\"index, follow, max-snippet:-1, max-image-preview:large, max-video-preview:-1\" \/>\n<link rel=\"canonical\" href=\"https:\/\/labatie.fr\/en\/booking-room\/\" \/>\n<meta property=\"og:locale\" content=\"en_GB\" \/>\n<meta property=\"og:type\" content=\"article\" \/>\n<meta property=\"og:title\" content=\"R\u00e9server | La B\u00e2tie | Consulter les disponibilit\u00e9s\" \/>\n<meta property=\"og:description\" content=\"Consultez les disponibilit\u00e9s. R\u00e9servez votre appartement avec vue \u00e0 Vienne. Paiement s\u00e9curis\u00e9, meilleur tarif garanti et flexibilit\u00e9.\" \/>\n<meta property=\"og:url\" content=\"https:\/\/labatie.fr\/en\/booking-room\/\" \/>\n<meta property=\"og:site_name\" content=\"La B\u00e2tie\" \/>\n<meta property=\"article:publisher\" content=\"https:\/\/www.facebook.com\/hoteslabatie\/\" \/>\n<meta property=\"article:modified_time\" content=\"2025-11-28T11:17:31+00:00\" \/>\n<meta property=\"og:image\" content=\"https:\/\/labatie.fr\/wp-content\/uploads\/2025\/02\/DSC_0232_hd-Modifier_resultat-1.webp\" \/>\n\t<meta property=\"og:image:width\" content=\"1618\" \/>\n\t<meta property=\"og:image:height\" content=\"1080\" \/>\n\t<meta property=\"og:image:type\" content=\"image\/webp\" \/>\n<meta name=\"twitter:card\" content=\"summary_large_image\" \/>\n<meta name=\"twitter:label1\" content=\"Estimated reading time\" \/>\n\t<meta name=\"twitter:data1\" content=\"2 minutes\" \/>\n<script type=\"application\/ld+json\" class=\"yoast-schema-graph\">{\"@context\":\"https:\/\/schema.org\",\"@graph\":[{\"@type\":\"WebPage\",\"@id\":\"https:\/\/labatie.fr\/booking-room\/\",\"url\":\"https:\/\/labatie.fr\/booking-room\/\",\"name\":\"R\u00e9server | La B\u00e2tie | Consulter les disponibilit\u00e9s\",\"isPartOf\":{\"@id\":\"https:\/\/labatie.fr\/#website\"},\"primaryImageOfPage\":{\"@id\":\"https:\/\/labatie.fr\/booking-room\/#primaryimage\"},\"image\":{\"@id\":\"https:\/\/labatie.fr\/booking-room\/#primaryimage\"},\"thumbnailUrl\":\"https:\/\/labatie.fr\/wp-content\/uploads\/2025\/02\/DSC_0232_hd-Modifier_resultat-1.webp\",\"datePublished\":\"2025-02-06T13:08:09+00:00\",\"dateModified\":\"2025-11-28T11:17:31+00:00\",\"description\":\"Consultez les disponibilit\u00e9s. R\u00e9servez votre appartement avec vue \u00e0 Vienne. Paiement s\u00e9curis\u00e9, meilleur tarif garanti et flexibilit\u00e9.\",\"breadcrumb\":{\"@id\":\"https:\/\/labatie.fr\/booking-room\/#breadcrumb\"},\"inLanguage\":\"en-GB\",\"potentialAction\":[{\"@type\":\"ReadAction\",\"target\":[\"https:\/\/labatie.fr\/booking-room\/\"]}]},{\"@type\":\"ImageObject\",\"inLanguage\":\"en-GB\",\"@id\":\"https:\/\/labatie.fr\/booking-room\/#primaryimage\",\"url\":\"https:\/\/labatie.fr\/wp-content\/uploads\/2025\/02\/DSC_0232_hd-Modifier_resultat-1.webp\",\"contentUrl\":\"https:\/\/labatie.fr\/wp-content\/uploads\/2025\/02\/DSC_0232_hd-Modifier_resultat-1.webp\",\"width\":1618,\"height\":1080,\"caption\":\"Vue sur grand mur en pierre, la b\u00e2tie vienne is\u00e8re 38\"},{\"@type\":\"BreadcrumbList\",\"@id\":\"https:\/\/labatie.fr\/booking-room\/#breadcrumb\",\"itemListElement\":[{\"@type\":\"ListItem\",\"position\":1,\"name\":\"Accueil\",\"item\":\"https:\/\/labatie.fr\/\"},{\"@type\":\"ListItem\",\"position\":2,\"name\":\"R\u00e9server\"}]},{\"@type\":\"WebSite\",\"@id\":\"https:\/\/labatie.fr\/#website\",\"url\":\"https:\/\/labatie.fr\/\",\"name\":\"La B\u00e2tie\",\"description\":\"La B\u00e2tie location touristique vienne is\u00e8re\",\"publisher\":{\"@id\":\"https:\/\/labatie.fr\/#organization\"},\"alternateName\":\"Location touristique\",\"potentialAction\":[{\"@type\":\"SearchAction\",\"target\":{\"@type\":\"EntryPoint\",\"urlTemplate\":\"https:\/\/labatie.fr\/?s={search_term_string}\"},\"query-input\":{\"@type\":\"PropertyValueSpecification\",\"valueRequired\":true,\"valueName\":\"search_term_string\"}}],\"inLanguage\":\"en-GB\"},{\"@type\":\"Organization\",\"@id\":\"https:\/\/labatie.fr\/#organization\",\"name\":\"La B\u00e2tie\",\"url\":\"https:\/\/labatie.fr\/\",\"logo\":{\"@type\":\"ImageObject\",\"inLanguage\":\"en-GB\",\"@id\":\"https:\/\/labatie.fr\/#\/schema\/logo\/image\/\",\"url\":\"https:\/\/testlabatie.fr\/wp-content\/uploads\/2025\/02\/Design-sans-titre.png\",\"contentUrl\":\"https:\/\/testlabatie.fr\/wp-content\/uploads\/2025\/02\/Design-sans-titre.png\",\"width\":500,\"height\":500,\"caption\":\"La B\u00e2tie\"},\"image\":{\"@id\":\"https:\/\/labatie.fr\/#\/schema\/logo\/image\/\"},\"sameAs\":[\"https:\/\/www.facebook.com\/hoteslabatie\/\",\"https:\/\/www.instagram.com\/la.batie\/\"]}]}<\/script>\n<!-- \/ Yoast SEO plugin. -->","yoast_head_json":{"title":"R\u00e9server | La B\u00e2tie | Consulter les disponibilit\u00e9s","description":"Consultez les disponibilit\u00e9s. R\u00e9servez votre appartement avec vue \u00e0 Vienne. Paiement s\u00e9curis\u00e9, meilleur tarif garanti et flexibilit\u00e9.","robots":{"index":"index","follow":"follow","max-snippet":"max-snippet:-1","max-image-preview":"max-image-preview:large","max-video-preview":"max-video-preview:-1"},"canonical":"https:\/\/labatie.fr\/en\/booking-room\/","og_locale":"en_GB","og_type":"article","og_title":"R\u00e9server | La B\u00e2tie | Consulter les disponibilit\u00e9s","og_description":"Consultez les disponibilit\u00e9s. R\u00e9servez votre appartement avec vue \u00e0 Vienne. Paiement s\u00e9curis\u00e9, meilleur tarif garanti et flexibilit\u00e9.","og_url":"https:\/\/labatie.fr\/en\/booking-room\/","og_site_name":"La B\u00e2tie","article_publisher":"https:\/\/www.facebook.com\/hoteslabatie\/","article_modified_time":"2025-11-28T11:17:31+00:00","og_image":[{"width":1618,"height":1080,"url":"https:\/\/labatie.fr\/wp-content\/uploads\/2025\/02\/DSC_0232_hd-Modifier_resultat-1.webp","type":"image\/webp"}],"twitter_card":"summary_large_image","twitter_misc":{"Estimated reading time":"2 minutes"},"schema":{"@context":"https:\/\/schema.org","@graph":[{"@type":"WebPage","@id":"https:\/\/labatie.fr\/booking-room\/","url":"https:\/\/labatie.fr\/booking-room\/","name":"R\u00e9server | La B\u00e2tie | Consulter les disponibilit\u00e9s","isPartOf":{"@id":"https:\/\/labatie.fr\/#website"},"primaryImageOfPage":{"@id":"https:\/\/labatie.fr\/booking-room\/#primaryimage"},"image":{"@id":"https:\/\/labatie.fr\/booking-room\/#primaryimage"},"thumbnailUrl":"https:\/\/labatie.fr\/wp-content\/uploads\/2025\/02\/DSC_0232_hd-Modifier_resultat-1.webp","datePublished":"2025-02-06T13:08:09+00:00","dateModified":"2025-11-28T11:17:31+00:00","description":"Consultez les disponibilit\u00e9s. R\u00e9servez votre appartement avec vue \u00e0 Vienne. Paiement s\u00e9curis\u00e9, meilleur tarif garanti et flexibilit\u00e9.","breadcrumb":{"@id":"https:\/\/labatie.fr\/booking-room\/#breadcrumb"},"inLanguage":"en-GB","potentialAction":[{"@type":"ReadAction","target":["https:\/\/labatie.fr\/booking-room\/"]}]},{"@type":"ImageObject","inLanguage":"en-GB","@id":"https:\/\/labatie.fr\/booking-room\/#primaryimage","url":"https:\/\/labatie.fr\/wp-content\/uploads\/2025\/02\/DSC_0232_hd-Modifier_resultat-1.webp","contentUrl":"https:\/\/labatie.fr\/wp-content\/uploads\/2025\/02\/DSC_0232_hd-Modifier_resultat-1.webp","width":1618,"height":1080,"caption":"Vue sur grand mur en pierre, la b\u00e2tie vienne is\u00e8re 38"},{"@type":"BreadcrumbList","@id":"https:\/\/labatie.fr\/booking-room\/#breadcrumb","itemListElement":[{"@type":"ListItem","position":1,"name":"Accueil","item":"https:\/\/labatie.fr\/"},{"@type":"ListItem","position":2,"name":"R\u00e9server"}]},{"@type":"WebSite","@id":"https:\/\/labatie.fr\/#website","url":"https:\/\/labatie.fr\/","name":"La B\u00e2tie","description":"La B\u00e2tie location touristique vienne is\u00e8re","publisher":{"@id":"https:\/\/labatie.fr\/#organization"},"alternateName":"Location touristique","potentialAction":[{"@type":"SearchAction","target":{"@type":"EntryPoint","urlTemplate":"https:\/\/labatie.fr\/?s={search_term_string}"},"query-input":{"@type":"PropertyValueSpecification","valueRequired":true,"valueName":"search_term_string"}}],"inLanguage":"en-GB"},{"@type":"Organization","@id":"https:\/\/labatie.fr\/#organization","name":"La B\u00e2tie","url":"https:\/\/labatie.fr\/","logo":{"@type":"ImageObject","inLanguage":"en-GB","@id":"https:\/\/labatie.fr\/#\/schema\/logo\/image\/","url":"https:\/\/testlabatie.fr\/wp-content\/uploads\/2025\/02\/Design-sans-titre.png","contentUrl":"https:\/\/testlabatie.fr\/wp-content\/uploads\/2025\/02\/Design-sans-titre.png","width":500,"height":500,"caption":"La B\u00e2tie"},"image":{"@id":"https:\/\/labatie.fr\/#\/schema\/logo\/image\/"},"sameAs":["https:\/\/www.facebook.com\/hoteslabatie\/","https:\/\/www.instagram.com\/la.batie\/"]}]}},"uagb_featured_image_src":{"full":["https:\/\/labatie.fr\/wp-content\/uploads\/2025\/02\/DSC_0232_hd-Modifier_resultat-1.webp",1618,1080,false],"thumbnail":["https:\/\/labatie.fr\/wp-content\/uploads\/2025\/02\/DSC_0232_hd-Modifier_resultat-1-150x150.webp",150,150,true],"medium":["https:\/\/labatie.fr\/wp-content\/uploads\/2025\/02\/DSC_0232_hd-Modifier_resultat-1-300x200.webp",300,200,true],"medium_large":["https:\/\/labatie.fr\/wp-content\/uploads\/2025\/02\/DSC_0232_hd-Modifier_resultat-1-768x513.webp",768,513,true],"large":["https:\/\/labatie.fr\/wp-content\/uploads\/2025\/02\/DSC_0232_hd-Modifier_resultat-1-1024x684.webp",1024,684,true],"1536x1536":["https:\/\/labatie.fr\/wp-content\/uploads\/2025\/02\/DSC_0232_hd-Modifier_resultat-1-1536x1025.webp",1536,1025,true],"2048x2048":["https:\/\/labatie.fr\/wp-content\/uploads\/2025\/02\/DSC_0232_hd-Modifier_resultat-1.webp",1618,1080,false],"trp-custom-language-flag":["https:\/\/labatie.fr\/wp-content\/uploads\/2025\/02\/DSC_0232_hd-Modifier_resultat-1.webp",18,12,false]},"uagb_author_info":{"display_name":"admin2786","author_link":"https:\/\/labatie.fr\/en\/author\/admin2786\/"},"uagb_comment_info":0,"uagb_excerpt":"R\u00e9server Votre S\u00e9jour \u00e0 La B\u00e2tie | R\u00e9servation en Direct Confirmez la disponibilit\u00e9 et b\u00e9n\u00e9ficiez de nos tarifs privil\u00e9gi\u00e9s. Vous \u00eates sur notre module de r\u00e9servation officiel. En r\u00e9servant directement, vous avez la garantie de b\u00e9n\u00e9ficier de la meilleure offre du moment et d&rsquo;un contact privil\u00e9gi\u00e9 pour toute demande sp\u00e9cifique. Flexibilit\u00e9 de paiement.Pour faciliter votre&hellip;","_links":{"self":[{"href":"https:\/\/labatie.fr\/en\/wp-json\/wp\/v2\/pages\/1324","targetHints":{"allow":["GET"]}}],"collection":[{"href":"https:\/\/labatie.fr\/en\/wp-json\/wp\/v2\/pages"}],"about":[{"href":"https:\/\/labatie.fr\/en\/wp-json\/wp\/v2\/types\/page"}],"author":[{"embeddable":true,"href":"https:\/\/labatie.fr\/en\/wp-json\/wp\/v2\/users\/1"}],"replies":[{"embeddable":true,"href":"https:\/\/labatie.fr\/en\/wp-json\/wp\/v2\/comments?post=1324"}],"version-history":[{"count":45,"href":"https:\/\/labatie.fr\/en\/wp-json\/wp\/v2\/pages\/1324\/revisions"}],"predecessor-version":[{"id":3614,"href":"https:\/\/labatie.fr\/en\/wp-json\/wp\/v2\/pages\/1324\/revisions\/3614"}],"wp:featuredmedia":[{"embeddable":true,"href":"https:\/\/labatie.fr\/en\/wp-json\/wp\/v2\/media\/2906"}],"wp:attachment":[{"href":"https:\/\/labatie.fr\/en\/wp-json\/wp\/v2\/media?parent=1324"}],"curies":[{"name":"wp","href":"https:\/\/api.w.org\/{rel}","templated":true}]}}